{"id":360,"date":"2024-03-17T09:33:55","date_gmt":"2024-03-17T09:33:55","guid":{"rendered":"https:\/\/bniplast.dk\/?page_id=360"},"modified":"2025-10-22T19:21:59","modified_gmt":"2025-10-22T19:21:59","slug":"om-os","status":"publish","type":"page","link":"https:\/\/bniplast.dk\/index.php\/om-os\/","title":{"rendered":"Om os"},"content":{"rendered":"\t\t<div data-elementor-type=\"wp-page\" data-elementor-id=\"360\" class=\"elementor elementor-360\" data-elementor-post-type=\"page\">\n\t\t\t\t\t\t<section class=\"elementor-section elementor-top-section elementor-element elementor-element-32967261 elementor-section-boxed elementor-section-height-default elementor-section-height-default\" data-id=\"32967261\" data-element_type=\"section\" data-e-type=\"section\">\n\t\t\t\t\t\t<div class=\"elementor-container elementor-column-gap-default\">\n\t\t\t\t\t<div class=\"elementor-column elementor-col-50 elementor-top-column elementor-element elementor-element-7734266b\" data-id=\"7734266b\" data-element_type=\"column\" data-e-type=\"column\">\n\t\t\t<div class=\"elementor-widget-wrap elementor-element-populated\">\n\t\t\t\t\t\t<div class=\"elementor-element elementor-element-cb98aa3 elementor-widget elementor-widget-image\" data-id=\"cb98aa3\" data-element_type=\"widget\" data-e-type=\"widget\" data-widget_type=\"image.default\">\n\t\t\t\t<div class=\"elementor-widget-container\">\n\t\t\t\t\t\t\t\t\t\t\t\t\t\t\t<img fetchpriority=\"high\" decoding=\"async\" width=\"1024\" height=\"1024\" src=\"https:\/\/bniplast.dk\/wp-content\/uploads\/2024\/03\/DSC06849_Redigeret2-scaled-e1710328457163-1024x1024.webp\" class=\"attachment-large size-large wp-image-265\" alt=\"\" srcset=\"https:\/\/bniplast.dk\/wp-content\/uploads\/2024\/03\/DSC06849_Redigeret2-scaled-e1710328457163-1024x1024.webp 1024w, https:\/\/bniplast.dk\/wp-content\/uploads\/2024\/03\/DSC06849_Redigeret2-scaled-e1710328457163-300x300.webp 300w, https:\/\/bniplast.dk\/wp-content\/uploads\/2024\/03\/DSC06849_Redigeret2-scaled-e1710328457163-150x150.webp 150w, https:\/\/bniplast.dk\/wp-content\/uploads\/2024\/03\/DSC06849_Redigeret2-scaled-e1710328457163-768x768.webp 768w, https:\/\/bniplast.dk\/wp-content\/uploads\/2024\/03\/DSC06849_Redigeret2-scaled-e1710328457163-1536x1536.webp 1536w, https:\/\/bniplast.dk\/wp-content\/uploads\/2024\/03\/DSC06849_Redigeret2-scaled-e1710328457163.webp 1706w\" sizes=\"(max-width: 1024px) 100vw, 1024px\" \/>\t\t\t\t\t\t\t\t\t\t\t\t\t\t\t<\/div>\n\t\t\t\t<\/div>\n\t\t\t\t\t<\/div>\n\t\t<\/div>\n\t\t\t\t<div class=\"elementor-column elementor-col-50 elementor-top-column elementor-element elementor-element-2d6068e\" data-id=\"2d6068e\" data-element_type=\"column\" data-e-type=\"column\">\n\t\t\t<div class=\"elementor-widget-wrap elementor-element-populated\">\n\t\t\t\t\t\t<div class=\"elementor-element elementor-element-4b394efa elementor-widget elementor-widget-elementskit-heading\" data-id=\"4b394efa\" data-element_type=\"widget\" data-e-type=\"widget\" data-widget_type=\"elementskit-heading.default\">\n\t\t\t\t<div class=\"elementor-widget-container\">\n\t\t\t\t\t<div class=\"ekit-wid-con\" ><div class=\"ekit-heading elementskit-section-title-wraper text_left   ekit_heading_tablet-   ekit_heading_mobile-\"><h3 class=\"elementskit-section-subtitle  \">\n\t\t\t\t\t\tOm os\n\t\t\t\t\t<\/h3><h2 class=\"ekit-heading--title elementskit-section-title \">Din p\u00e5lidelige partner i alle dine spr\u00f8jtest\u00f8bningsbehov<\/h2>\t\t\t\t<div class='ekit-heading__description'>\n\t\t\t\t\t<p>Vores dedikerede medarbejdere er specialister inden for produktudvikling og har stor erfaring inden for formdesign og pr\u00e6cisionsspr\u00f8jtest\u00f8bning. Vi er stolte af at kunne levere h\u00f8j kvalitet og n\u00f8jagtighed i alle vores projekter.\u00a0<\/p>\n\t\t\t\t<\/div>\n\t\t\t<\/div><\/div>\t\t\t\t<\/div>\n\t\t\t\t<\/div>\n\t\t\t\t<section class=\"elementor-section elementor-inner-section elementor-element elementor-element-750f7a00 elementor-section-boxed elementor-section-height-default elementor-section-height-default\" data-id=\"750f7a00\" data-element_type=\"section\" data-e-type=\"section\">\n\t\t\t\t\t\t<div class=\"elementor-container elementor-column-gap-default\">\n\t\t\t\t\t<div class=\"elementor-column elementor-col-33 elementor-inner-column elementor-element elementor-element-7feae5bd\" data-id=\"7feae5bd\" data-element_type=\"column\" data-e-type=\"column\">\n\t\t\t<div class=\"elementor-widget-wrap elementor-element-populated\">\n\t\t\t\t\t\t<div class=\"elementor-element elementor-element-26e7a7b8 elementor-widget elementor-widget-elementskit-funfact\" data-id=\"26e7a7b8\" data-element_type=\"widget\" data-e-type=\"widget\" data-widget_type=\"elementskit-funfact.default\">\n\t\t\t\t<div class=\"elementor-widget-container\">\n\t\t\t\t\t<div class=\"ekit-wid-con\" >\n\t\t<div class=\"elementskit-funfact text-left     \">\n\t\t\t\n\t\t\t<div class=\"elementskit-funfact-inner \">\n\t\t\t\t\n\t\t\t\t<div class=\"funfact-content\">\n\t\t\t\t\t<div class=\"number-percentage-wraper\">\n\t\t\t\t\t\t\t\t\t\t\t\t<span class=\"number-percentage\"\n\t\t\t\t\t\t      data-value=\"25\"\n\t\t\t\t\t\t      data-animation-duration=\"3500\"\n\t\t\t\t\t\t\t  data-style=\"static\">0<\/span>\n\t\t\t\t\t\t\u00e5rs\t\t\t\t\t\t\t\t\t\t\t\t\t<span class=\"super\"><\/span>\n\t\t\t\t\t\t\t\t\t\t\t<\/div>\n\n\t\t\t\t\t<h3 class=\"funfact-title\">erfaring<\/h3>\t\t\t\t\t\t\t\t<\/div>\n\t\t<\/div>\n\t\t<\/div>\n\n\n\t\t<\/div>\t\t\t\t<\/div>\n\t\t\t\t<\/div>\n\t\t\t\t\t<\/div>\n\t\t<\/div>\n\t\t\t\t<div class=\"elementor-column elementor-col-33 elementor-inner-column elementor-element elementor-element-51dfd01f\" data-id=\"51dfd01f\" data-element_type=\"column\" data-e-type=\"column\">\n\t\t\t<div class=\"elementor-widget-wrap elementor-element-populated\">\n\t\t\t\t\t\t<div class=\"elementor-element elementor-element-530cccde elementor-widget elementor-widget-elementskit-funfact\" data-id=\"530cccde\" data-element_type=\"widget\" data-e-type=\"widget\" data-widget_type=\"elementskit-funfact.default\">\n\t\t\t\t<div class=\"elementor-widget-container\">\n\t\t\t\t\t<div class=\"ekit-wid-con\" >\n\t\t<div class=\"elementskit-funfact text-left     \">\n\t\t\t\n\t\t\t<div class=\"elementskit-funfact-inner \">\n\t\t\t\t\n\t\t\t\t<div class=\"funfact-content\">\n\t\t\t\t\t<div class=\"number-percentage-wraper\">\n\t\t\t\t\t\t\t\t\t\t\t\t<span class=\"number-percentage\"\n\t\t\t\t\t\t      data-value=\"700\"\n\t\t\t\t\t\t      data-animation-duration=\"3500\"\n\t\t\t\t\t\t\t  data-style=\"static\">0<\/span>\n\t\t\t\t\t\t\t\t\t\t\t\t\t\t\t\t\t\t\t<span class=\"super\">+<\/span>\n\t\t\t\t\t\t\t\t\t\t\t<\/div>\n\n\t\t\t\t\t<h3 class=\"funfact-title\">Leverede ordre<\/h3>\t\t\t\t\t\t\t\t<\/div>\n\t\t<\/div>\n\t\t<\/div>\n\n\n\t\t<\/div>\t\t\t\t<\/div>\n\t\t\t\t<\/div>\n\t\t\t\t\t<\/div>\n\t\t<\/div>\n\t\t\t\t<div class=\"elementor-column elementor-col-33 elementor-inner-column elementor-element elementor-element-2498d49f\" data-id=\"2498d49f\" data-element_type=\"column\" data-e-type=\"column\">\n\t\t\t<div class=\"elementor-widget-wrap elementor-element-populated\">\n\t\t\t\t\t\t<div class=\"elementor-element elementor-element-7801e133 elementor-widget elementor-widget-elementskit-funfact\" data-id=\"7801e133\" data-element_type=\"widget\" data-e-type=\"widget\" data-widget_type=\"elementskit-funfact.default\">\n\t\t\t\t<div class=\"elementor-widget-container\">\n\t\t\t\t\t<div class=\"ekit-wid-con\" >\n\t\t<div class=\"elementskit-funfact text-left     \">\n\t\t\t\n\t\t\t<div class=\"elementskit-funfact-inner \">\n\t\t\t\t\n\t\t\t\t<div class=\"funfact-content\">\n\t\t\t\t\t<div class=\"number-percentage-wraper\">\n\t\t\t\t\t\t\t\t\t\t\t\t<span class=\"number-percentage\"\n\t\t\t\t\t\t      data-value=\"98\"\n\t\t\t\t\t\t      data-animation-duration=\"3500\"\n\t\t\t\t\t\t\t  data-style=\"static\">0<\/span>\n\t\t\t\t\t\t\t\t\t\t\t\t\t\t\t\t\t\t\t<span class=\"super\">%<\/span>\n\t\t\t\t\t\t\t\t\t\t\t<\/div>\n\n\t\t\t\t\t<h3 class=\"funfact-title\">Tilfredse kunder<\/h3>\t\t\t\t\t\t\t\t<\/div>\n\t\t<\/div>\n\t\t<\/div>\n\n\n\t\t<\/div>\t\t\t\t<\/div>\n\t\t\t\t<\/div>\n\t\t\t\t\t<\/div>\n\t\t<\/div>\n\t\t\t\t\t<\/div>\n\t\t<\/section>\n\t\t\t\t\t<\/div>\n\t\t<\/div>\n\t\t\t\t\t<\/div>\n\t\t<\/section>\n\t\t\t\t<section class=\"elementor-section elementor-top-section elementor-element elementor-element-651415d elementor-section-boxed elementor-section-height-default elementor-section-height-default\" data-id=\"651415d\" data-element_type=\"section\" data-e-type=\"section\">\n\t\t\t\t\t\t<div class=\"elementor-container elementor-column-gap-default\">\n\t\t\t\t\t<div class=\"elementor-column elementor-col-66 elementor-top-column elementor-element elementor-element-9843271\" data-id=\"9843271\" data-element_type=\"column\" data-e-type=\"column\">\n\t\t\t<div class=\"elementor-widget-wrap elementor-element-populated\">\n\t\t\t\t\t\t<div class=\"elementor-element elementor-element-9acbbe4 elementor-widget elementor-widget-elementskit-heading\" data-id=\"9acbbe4\" data-element_type=\"widget\" data-e-type=\"widget\" data-widget_type=\"elementskit-heading.default\">\n\t\t\t\t<div class=\"elementor-widget-container\">\n\t\t\t\t\t<div class=\"ekit-wid-con\" ><div class=\"ekit-heading elementskit-section-title-wraper text_left   ekit_heading_tablet-   ekit_heading_mobile-\"><h2 class=\"ekit-heading--title elementskit-section-title \">BNi Plast er en f\u00f8rende spr\u00f8jtest\u00f8befabrik med mere <br> end 25 \u00e5rs erfaring.<\/h2>\t\t\t\t<div class='ekit-heading__description'>\n\t\t\t\t\t<p>Vi er specialiserede i at levere skr\u00e6ddersyede l\u00f8sninger inden for spr\u00f8jtest\u00f8bning til en bred vifte af industrier og applikationer.<\/p>\n<p>\u00a0<\/p>\n<p>Med vores omfattende erfaring og ekspertise kan vi h\u00e5ndtere selv de mest komplekse projekter og opfylde vores kunders h\u00f8je standarder. Vores dedikerede team af fagfolk er altid klar til at tage udfordringerne op og sikre, at vi leverer produkter af h\u00f8jeste kvalitet.<\/p>\n<p>\u00a0<\/p>\n<p>Vi har et moderne produktionsanl\u00e6g, der er udstyret med avanceret teknologi og state-of-the-art spr\u00f8jtest\u00f8bemaskiner. Dette giver os mulighed for at opn\u00e5 pr\u00e6cise og ensartede resultater, hver gang vi udf\u00f8rer spr\u00f8jtest\u00f8bning.<\/p>\n<p>\u00a0<\/p>\n<p>Uanset om du har brug for prototyper, sm\u00e5 serier eller store produktioner, kan vi im\u00f8dekomme dine behov. Vi tilbyder ogs\u00e5 en bred vifte af efterbehandlingstjenester, s\u00e5som overfladebehandling, montage og pakning, for at sikre, at dine produkter er klar til markedet.<\/p>\n<p>\u00a0<\/p>\n<p>Vores engagement i kvalitet og kundetilfredshed har gjort os til en p\u00e5lidelig partner for mange virksomheder p\u00e5 tv\u00e6rs af industrier. Vi str\u00e6ber altid efter at opbygge langvarige relationer med vores kunder ved at levere p\u00e5lidelige og konkurrencedygtige l\u00f8sninger.<\/p>\n<p>\u00a0<\/p>\n<p>Kontakt os i dag, og lad os hj\u00e6lpe dig med dine spr\u00f8jtest\u00f8bningsbehov. Vi er klar til at udnytte vores mere end 25 \u00e5rs erfaring til at levere f\u00f8rsteklasses produkter til dig.<\/p>\n\t\t\t\t<\/div>\n\t\t\t<\/div><\/div>\t\t\t\t<\/div>\n\t\t\t\t<\/div>\n\t\t\t\t\t<\/div>\n\t\t<\/div>\n\t\t\t\t<div class=\"elementor-column elementor-col-33 elementor-top-column elementor-element elementor-element-a88960d\" data-id=\"a88960d\" data-element_type=\"column\" data-e-type=\"column\">\n\t\t\t<div class=\"elementor-widget-wrap elementor-element-populated\">\n\t\t\t\t\t\t<div class=\"elementor-element elementor-element-d0aaabb elementor-widget elementor-widget-image\" data-id=\"d0aaabb\" data-element_type=\"widget\" data-e-type=\"widget\" data-widget_type=\"image.default\">\n\t\t\t\t<div class=\"elementor-widget-container\">\n\t\t\t\t\t\t\t\t\t\t\t\t\t\t\t<img decoding=\"async\" width=\"1024\" height=\"683\" src=\"https:\/\/bniplast.dk\/wp-content\/uploads\/2024\/03\/DSC06819_Redigeret2-1024x683.webp\" class=\"attachment-large size-large wp-image-266\" alt=\"\" srcset=\"https:\/\/bniplast.dk\/wp-content\/uploads\/2024\/03\/DSC06819_Redigeret2-1024x683.webp 1024w, https:\/\/bniplast.dk\/wp-content\/uploads\/2024\/03\/DSC06819_Redigeret2-300x200.webp 300w, https:\/\/bniplast.dk\/wp-content\/uploads\/2024\/03\/DSC06819_Redigeret2-768x512.webp 768w, https:\/\/bniplast.dk\/wp-content\/uploads\/2024\/03\/DSC06819_Redigeret2-1536x1024.webp 1536w, https:\/\/bniplast.dk\/wp-content\/uploads\/2024\/03\/DSC06819_Redigeret2-scaled.webp 1920w\" sizes=\"(max-width: 1024px) 100vw, 1024px\" \/>\t\t\t\t\t\t\t\t\t\t\t\t\t\t\t<\/div>\n\t\t\t\t<\/div>\n\t\t\t\t<div class=\"elementor-element elementor-element-be335b9 elementor-widget elementor-widget-image\" data-id=\"be335b9\" data-element_type=\"widget\" data-e-type=\"widget\" data-widget_type=\"image.default\">\n\t\t\t\t<div class=\"elementor-widget-container\">\n\t\t\t\t\t\t\t\t\t\t\t\t\t\t\t<img decoding=\"async\" width=\"1024\" height=\"683\" src=\"https:\/\/bniplast.dk\/wp-content\/uploads\/2024\/03\/DSC06779_Redigeret2-1024x683.webp\" class=\"attachment-large size-large wp-image-268\" alt=\"\" srcset=\"https:\/\/bniplast.dk\/wp-content\/uploads\/2024\/03\/DSC06779_Redigeret2-1024x683.webp 1024w, https:\/\/bniplast.dk\/wp-content\/uploads\/2024\/03\/DSC06779_Redigeret2-300x200.webp 300w, https:\/\/bniplast.dk\/wp-content\/uploads\/2024\/03\/DSC06779_Redigeret2-768x512.webp 768w, https:\/\/bniplast.dk\/wp-content\/uploads\/2024\/03\/DSC06779_Redigeret2-1536x1024.webp 1536w, https:\/\/bniplast.dk\/wp-content\/uploads\/2024\/03\/DSC06779_Redigeret2-scaled.webp 1920w\" sizes=\"(max-width: 1024px) 100vw, 1024px\" \/>\t\t\t\t\t\t\t\t\t\t\t\t\t\t\t<\/div>\n\t\t\t\t<\/div>\n\t\t\t\t<div class=\"elementor-element elementor-element-43a9e70 elementor-widget elementor-widget-image\" data-id=\"43a9e70\" data-element_type=\"widget\" data-e-type=\"widget\" data-widget_type=\"image.default\">\n\t\t\t\t<div class=\"elementor-widget-container\">\n\t\t\t\t\t\t\t\t\t\t\t\t\t\t\t<img loading=\"lazy\" decoding=\"async\" width=\"853\" height=\"568\" src=\"https:\/\/bniplast.dk\/wp-content\/uploads\/2023\/07\/DSC_1392.webp\" class=\"attachment-large size-large wp-image-21\" alt=\"\" srcset=\"https:\/\/bniplast.dk\/wp-content\/uploads\/2023\/07\/DSC_1392.webp 853w, https:\/\/bniplast.dk\/wp-content\/uploads\/2023\/07\/DSC_1392-300x200.webp 300w, https:\/\/bniplast.dk\/wp-content\/uploads\/2023\/07\/DSC_1392-768x511.webp 768w\" sizes=\"(max-width: 853px) 100vw, 853px\" \/>\t\t\t\t\t\t\t\t\t\t\t\t\t\t\t<\/div>\n\t\t\t\t<\/div>\n\t\t\t\t\t<\/div>\n\t\t<\/div>\n\t\t\t\t\t<\/div>\n\t\t<\/section>\n\t\t\t\t<\/div>\n\t\t","protected":false},"excerpt":{"rendered":"<p>Om os Din p\u00e5lidelige partner i alle dine spr\u00f8jtest\u00f8bningsbehov Vores dedikerede medarbejdere er specialister inden for produktudvikling og har stor erfaring inden for formdesign og pr\u00e6cisionsspr\u00f8jtest\u00f8bning. Vi er stolte af at kunne levere h\u00f8j kvalitet og n\u00f8jagtighed i alle vores projekter.\u00a0 0 \u00e5rs erfaring 0 + Leverede ordre 0 % Tilfredse kunder BNi Plast er [&hellip;]<\/p>\n","protected":false},"author":3,"featured_media":0,"parent":0,"menu_order":0,"comment_status":"closed","ping_status":"closed","template":"","meta":{"site-sidebar-layout":"no-sidebar","site-content-layout":"page-builder","ast-site-content-layout":"full-width-container","site-content-style":"default","site-sidebar-style":"default","ast-global-header-display":"","ast-banner-title-visibility":"","ast-main-header-display":"","ast-hfb-above-header-display":"","ast-hfb-below-header-display":"","ast-hfb-mobile-header-display":"","site-post-title":"disabled","ast-breadcrumbs-content":"","ast-featured-img":"disabled","footer-sml-layout":"","ast-disable-related-posts":"","theme-transparent-header-meta":"","adv-header-id-meta":"","stick-header-meta":"","header-above-stick-meta":"","header-main-stick-meta":"","header-below-stick-meta":"","astra-migrate-meta-layouts":"set","ast-page-background-enabled":"default","ast-page-background-meta":{"desktop":{"background-color":"var(--ast-global-color-4)","background-image":"","background-repeat":"repeat","background-position":"center center","background-size":"auto","background-attachment":"scroll","background-type":"","background-media":"","overlay-type":"","overlay-color":"","overlay-opacity":"","overlay-gradient":""},"tablet":{"background-color":"","background-image":"","background-repeat":"repeat","background-position":"center center","background-size":"auto","background-attachment":"scroll","background-type":"","background-media":"","overlay-type":"","overlay-color":"","overlay-opacity":"","overlay-gradient":""},"mobile":{"background-color":"","background-image":"","background-repeat":"repeat","background-position":"center center","background-size":"auto","background-attachment":"scroll","background-type":"","background-media":"","overlay-type":"","overlay-color":"","overlay-opacity":"","overlay-gradient":""}},"ast-content-background-meta":{"desktop":{"background-color":"var(--ast-global-color-5)","background-image":"","background-repeat":"repeat","background-position":"center center","background-size":"auto","background-attachment":"scroll","background-type":"","background-media":"","overlay-type":"","overlay-color":"","overlay-opacity":"","overlay-gradient":""},"tablet":{"background-color":"var(--ast-global-color-5)","background-image":"","background-repeat":"repeat","background-position":"center center","background-size":"auto","background-attachment":"scroll","background-type":"","background-media":"","overlay-type":"","overlay-color":"","overlay-opacity":"","overlay-gradient":""},"mobile":{"background-color":"var(--ast-global-color-5)","background-image":"","background-repeat":"repeat","background-position":"center center","background-size":"auto","background-attachment":"scroll","background-type":"","background-media":"","overlay-type":"","overlay-color":"","overlay-opacity":"","overlay-gradient":""}},"footnotes":""},"class_list":["post-360","page","type-page","status-publish","hentry"],"yoast_head":"<!-- This site is optimized with the Yoast SEO plugin v27.5 - https:\/\/yoast.com\/product\/yoast-seo-wordpress\/ -->\n<title>Om os - BNI PLAST APS<\/title>\n<meta name=\"robots\" content=\"index, follow, max-snippet:-1, max-image-preview:large, max-video-preview:-1\" \/>\n<link rel=\"canonical\" href=\"https:\/\/bniplast.dk\/index.php\/om-os\/\" \/>\n<meta property=\"og:locale\" content=\"da_DK\" \/>\n<meta property=\"og:type\" content=\"article\" \/>\n<meta property=\"og:title\" content=\"Om os - BNI PLAST APS\" \/>\n<meta property=\"og:description\" content=\"Om os Din p\u00e5lidelige partner i alle dine spr\u00f8jtest\u00f8bningsbehov Vores dedikerede medarbejdere er specialister inden for produktudvikling og har stor erfaring inden for formdesign og pr\u00e6cisionsspr\u00f8jtest\u00f8bning. Vi er stolte af at kunne levere h\u00f8j kvalitet og n\u00f8jagtighed i alle vores projekter.\u00a0 0 \u00e5rs erfaring 0 + Leverede ordre 0 % Tilfredse kunder BNi Plast er [&hellip;]\" \/>\n<meta property=\"og:url\" content=\"https:\/\/bniplast.dk\/index.php\/om-os\/\" \/>\n<meta property=\"og:site_name\" content=\"BNI PLAST APS\" \/>\n<meta property=\"article:modified_time\" content=\"2025-10-22T19:21:59+00:00\" \/>\n<meta property=\"og:image\" content=\"https:\/\/bniplast.dk\/wp-content\/uploads\/2024\/03\/DSC06849_Redigeret2-scaled-e1710328457163.webp\" \/>\n\t<meta property=\"og:image:width\" content=\"1706\" \/>\n\t<meta property=\"og:image:height\" content=\"1706\" \/>\n\t<meta property=\"og:image:type\" content=\"image\/webp\" \/>\n<meta name=\"twitter:card\" content=\"summary_large_image\" \/>\n<meta name=\"twitter:label1\" content=\"Estimeret l\u00e6setid\" \/>\n\t<meta name=\"twitter:data1\" content=\"3 minutter\" \/>\n<script type=\"application\/ld+json\" class=\"yoast-schema-graph\">{\"@context\":\"https:\\\/\\\/schema.org\",\"@graph\":[{\"@type\":\"WebPage\",\"@id\":\"https:\\\/\\\/bniplast.dk\\\/index.php\\\/om-os\\\/\",\"url\":\"https:\\\/\\\/bniplast.dk\\\/index.php\\\/om-os\\\/\",\"name\":\"Om os - BNI PLAST APS\",\"isPartOf\":{\"@id\":\"https:\\\/\\\/bniplast.dk\\\/#website\"},\"primaryImageOfPage\":{\"@id\":\"https:\\\/\\\/bniplast.dk\\\/index.php\\\/om-os\\\/#primaryimage\"},\"image\":{\"@id\":\"https:\\\/\\\/bniplast.dk\\\/index.php\\\/om-os\\\/#primaryimage\"},\"thumbnailUrl\":\"https:\\\/\\\/bniplast.dk\\\/wp-content\\\/uploads\\\/2024\\\/03\\\/DSC06849_Redigeret2-scaled-e1710328457163-1024x1024.webp\",\"datePublished\":\"2024-03-17T09:33:55+00:00\",\"dateModified\":\"2025-10-22T19:21:59+00:00\",\"breadcrumb\":{\"@id\":\"https:\\\/\\\/bniplast.dk\\\/index.php\\\/om-os\\\/#breadcrumb\"},\"inLanguage\":\"da-DK\",\"potentialAction\":[{\"@type\":\"ReadAction\",\"target\":[\"https:\\\/\\\/bniplast.dk\\\/index.php\\\/om-os\\\/\"]}]},{\"@type\":\"ImageObject\",\"inLanguage\":\"da-DK\",\"@id\":\"https:\\\/\\\/bniplast.dk\\\/index.php\\\/om-os\\\/#primaryimage\",\"url\":\"https:\\\/\\\/bniplast.dk\\\/wp-content\\\/uploads\\\/2024\\\/03\\\/DSC06849_Redigeret2-scaled-e1710328457163.webp\",\"contentUrl\":\"https:\\\/\\\/bniplast.dk\\\/wp-content\\\/uploads\\\/2024\\\/03\\\/DSC06849_Redigeret2-scaled-e1710328457163.webp\",\"width\":1706,\"height\":1706},{\"@type\":\"BreadcrumbList\",\"@id\":\"https:\\\/\\\/bniplast.dk\\\/index.php\\\/om-os\\\/#breadcrumb\",\"itemListElement\":[{\"@type\":\"ListItem\",\"position\":1,\"name\":\"Hjem\",\"item\":\"https:\\\/\\\/bniplast.dk\\\/\"},{\"@type\":\"ListItem\",\"position\":2,\"name\":\"Om os\"}]},{\"@type\":\"WebSite\",\"@id\":\"https:\\\/\\\/bniplast.dk\\\/#website\",\"url\":\"https:\\\/\\\/bniplast.dk\\\/\",\"name\":\"BNI PLAST APS\",\"description\":\"We specialise in the development, production, assembly and delivery of quality technical and medical plastic items.\",\"publisher\":{\"@id\":\"https:\\\/\\\/bniplast.dk\\\/#organization\"},\"potentialAction\":[{\"@type\":\"SearchAction\",\"target\":{\"@type\":\"EntryPoint\",\"urlTemplate\":\"https:\\\/\\\/bniplast.dk\\\/?s={search_term_string}\"},\"query-input\":{\"@type\":\"PropertyValueSpecification\",\"valueRequired\":true,\"valueName\":\"search_term_string\"}}],\"inLanguage\":\"da-DK\"},{\"@type\":\"Organization\",\"@id\":\"https:\\\/\\\/bniplast.dk\\\/#organization\",\"name\":\"BNI PLAST APS\",\"url\":\"https:\\\/\\\/bniplast.dk\\\/\",\"logo\":{\"@type\":\"ImageObject\",\"inLanguage\":\"da-DK\",\"@id\":\"https:\\\/\\\/bniplast.dk\\\/#\\\/schema\\\/logo\\\/image\\\/\",\"url\":\"https:\\\/\\\/bniplast.dk\\\/wp-content\\\/uploads\\\/2023\\\/07\\\/brian-logo-pgn-e1710329540926.webp\",\"contentUrl\":\"https:\\\/\\\/bniplast.dk\\\/wp-content\\\/uploads\\\/2023\\\/07\\\/brian-logo-pgn-e1710329540926.webp\",\"width\":1084,\"height\":504,\"caption\":\"BNI PLAST APS\"},\"image\":{\"@id\":\"https:\\\/\\\/bniplast.dk\\\/#\\\/schema\\\/logo\\\/image\\\/\"}}]}<\/script>\n<!-- \/ Yoast SEO plugin. -->","yoast_head_json":{"title":"Om os - BNI PLAST APS","robots":{"index":"index","follow":"follow","max-snippet":"max-snippet:-1","max-image-preview":"max-image-preview:large","max-video-preview":"max-video-preview:-1"},"canonical":"https:\/\/bniplast.dk\/index.php\/om-os\/","og_locale":"da_DK","og_type":"article","og_title":"Om os - BNI PLAST APS","og_description":"Om os Din p\u00e5lidelige partner i alle dine spr\u00f8jtest\u00f8bningsbehov Vores dedikerede medarbejdere er specialister inden for produktudvikling og har stor erfaring inden for formdesign og pr\u00e6cisionsspr\u00f8jtest\u00f8bning. Vi er stolte af at kunne levere h\u00f8j kvalitet og n\u00f8jagtighed i alle vores projekter.\u00a0 0 \u00e5rs erfaring 0 + Leverede ordre 0 % Tilfredse kunder BNi Plast er [&hellip;]","og_url":"https:\/\/bniplast.dk\/index.php\/om-os\/","og_site_name":"BNI PLAST APS","article_modified_time":"2025-10-22T19:21:59+00:00","og_image":[{"width":1706,"height":1706,"url":"https:\/\/bniplast.dk\/wp-content\/uploads\/2024\/03\/DSC06849_Redigeret2-scaled-e1710328457163.webp","type":"image\/webp"}],"twitter_card":"summary_large_image","twitter_misc":{"Estimeret l\u00e6setid":"3 minutter"},"schema":{"@context":"https:\/\/schema.org","@graph":[{"@type":"WebPage","@id":"https:\/\/bniplast.dk\/index.php\/om-os\/","url":"https:\/\/bniplast.dk\/index.php\/om-os\/","name":"Om os - BNI PLAST APS","isPartOf":{"@id":"https:\/\/bniplast.dk\/#website"},"primaryImageOfPage":{"@id":"https:\/\/bniplast.dk\/index.php\/om-os\/#primaryimage"},"image":{"@id":"https:\/\/bniplast.dk\/index.php\/om-os\/#primaryimage"},"thumbnailUrl":"https:\/\/bniplast.dk\/wp-content\/uploads\/2024\/03\/DSC06849_Redigeret2-scaled-e1710328457163-1024x1024.webp","datePublished":"2024-03-17T09:33:55+00:00","dateModified":"2025-10-22T19:21:59+00:00","breadcrumb":{"@id":"https:\/\/bniplast.dk\/index.php\/om-os\/#breadcrumb"},"inLanguage":"da-DK","potentialAction":[{"@type":"ReadAction","target":["https:\/\/bniplast.dk\/index.php\/om-os\/"]}]},{"@type":"ImageObject","inLanguage":"da-DK","@id":"https:\/\/bniplast.dk\/index.php\/om-os\/#primaryimage","url":"https:\/\/bniplast.dk\/wp-content\/uploads\/2024\/03\/DSC06849_Redigeret2-scaled-e1710328457163.webp","contentUrl":"https:\/\/bniplast.dk\/wp-content\/uploads\/2024\/03\/DSC06849_Redigeret2-scaled-e1710328457163.webp","width":1706,"height":1706},{"@type":"BreadcrumbList","@id":"https:\/\/bniplast.dk\/index.php\/om-os\/#breadcrumb","itemListElement":[{"@type":"ListItem","position":1,"name":"Hjem","item":"https:\/\/bniplast.dk\/"},{"@type":"ListItem","position":2,"name":"Om os"}]},{"@type":"WebSite","@id":"https:\/\/bniplast.dk\/#website","url":"https:\/\/bniplast.dk\/","name":"BNI PLAST APS","description":"We specialise in the development, production, assembly and delivery of quality technical and medical plastic items.","publisher":{"@id":"https:\/\/bniplast.dk\/#organization"},"potentialAction":[{"@type":"SearchAction","target":{"@type":"EntryPoint","urlTemplate":"https:\/\/bniplast.dk\/?s={search_term_string}"},"query-input":{"@type":"PropertyValueSpecification","valueRequired":true,"valueName":"search_term_string"}}],"inLanguage":"da-DK"},{"@type":"Organization","@id":"https:\/\/bniplast.dk\/#organization","name":"BNI PLAST APS","url":"https:\/\/bniplast.dk\/","logo":{"@type":"ImageObject","inLanguage":"da-DK","@id":"https:\/\/bniplast.dk\/#\/schema\/logo\/image\/","url":"https:\/\/bniplast.dk\/wp-content\/uploads\/2023\/07\/brian-logo-pgn-e1710329540926.webp","contentUrl":"https:\/\/bniplast.dk\/wp-content\/uploads\/2023\/07\/brian-logo-pgn-e1710329540926.webp","width":1084,"height":504,"caption":"BNI PLAST APS"},"image":{"@id":"https:\/\/bniplast.dk\/#\/schema\/logo\/image\/"}}]}},"_links":{"self":[{"href":"https:\/\/bniplast.dk\/index.php\/wp-json\/wp\/v2\/pages\/360","targetHints":{"allow":["GET"]}}],"collection":[{"href":"https:\/\/bniplast.dk\/index.php\/wp-json\/wp\/v2\/pages"}],"about":[{"href":"https:\/\/bniplast.dk\/index.php\/wp-json\/wp\/v2\/types\/page"}],"author":[{"embeddable":true,"href":"https:\/\/bniplast.dk\/index.php\/wp-json\/wp\/v2\/users\/3"}],"replies":[{"embeddable":true,"href":"https:\/\/bniplast.dk\/index.php\/wp-json\/wp\/v2\/comments?post=360"}],"version-history":[{"count":30,"href":"https:\/\/bniplast.dk\/index.php\/wp-json\/wp\/v2\/pages\/360\/revisions"}],"predecessor-version":[{"id":1035,"href":"https:\/\/bniplast.dk\/index.php\/wp-json\/wp\/v2\/pages\/360\/revisions\/1035"}],"wp:attachment":[{"href":"https:\/\/bniplast.dk\/index.php\/wp-json\/wp\/v2\/media?parent=360"}],"curies":[{"name":"wp","href":"https:\/\/api.w.org\/{rel}","templated":true}]}}