{"id":430,"date":"2024-03-20T14:21:33","date_gmt":"2024-03-20T14:21:33","guid":{"rendered":"https:\/\/bniplast.dk\/?page_id=430"},"modified":"2025-10-22T19:20:46","modified_gmt":"2025-10-22T19:20:46","slug":"sproejtestoebning","status":"publish","type":"page","link":"https:\/\/bniplast.dk\/index.php\/sproejtestoebning\/","title":{"rendered":"Spr\u00f8jtest\u00f8bning"},"content":{"rendered":"\t\t<div data-elementor-type=\"wp-page\" data-elementor-id=\"430\" class=\"elementor elementor-430\" data-elementor-post-type=\"page\">\n\t\t\t\t\t\t<section class=\"elementor-section elementor-top-section elementor-element elementor-element-32967261 elementor-section-boxed elementor-section-height-default elementor-section-height-default\" data-id=\"32967261\" data-element_type=\"section\" data-e-type=\"section\">\n\t\t\t\t\t\t<div class=\"elementor-container elementor-column-gap-default\">\n\t\t\t\t\t<div class=\"elementor-column elementor-col-50 elementor-top-column elementor-element elementor-element-7734266b\" data-id=\"7734266b\" data-element_type=\"column\" data-e-type=\"column\">\n\t\t\t<div class=\"elementor-widget-wrap elementor-element-populated\">\n\t\t\t\t\t\t<div class=\"elementor-element elementor-element-cb98aa3 elementor-widget elementor-widget-image\" data-id=\"cb98aa3\" data-element_type=\"widget\" data-e-type=\"widget\" data-widget_type=\"image.default\">\n\t\t\t\t<div class=\"elementor-widget-container\">\n\t\t\t\t\t\t\t\t\t\t\t\t\t\t\t<img fetchpriority=\"high\" decoding=\"async\" width=\"1024\" height=\"683\" src=\"https:\/\/bniplast.dk\/wp-content\/uploads\/2024\/03\/DSC06867_Redigeret2-1024x683.webp\" class=\"attachment-large size-large wp-image-263\" alt=\"\" srcset=\"https:\/\/bniplast.dk\/wp-content\/uploads\/2024\/03\/DSC06867_Redigeret2-1024x683.webp 1024w, https:\/\/bniplast.dk\/wp-content\/uploads\/2024\/03\/DSC06867_Redigeret2-300x200.webp 300w, https:\/\/bniplast.dk\/wp-content\/uploads\/2024\/03\/DSC06867_Redigeret2-768x512.webp 768w, https:\/\/bniplast.dk\/wp-content\/uploads\/2024\/03\/DSC06867_Redigeret2-1536x1024.webp 1536w, https:\/\/bniplast.dk\/wp-content\/uploads\/2024\/03\/DSC06867_Redigeret2-scaled.webp 1920w\" sizes=\"(max-width: 1024px) 100vw, 1024px\" \/>\t\t\t\t\t\t\t\t\t\t\t\t\t\t\t<\/div>\n\t\t\t\t<\/div>\n\t\t\t\t\t<\/div>\n\t\t<\/div>\n\t\t\t\t<div class=\"elementor-column elementor-col-50 elementor-top-column elementor-element elementor-element-2d6068e\" data-id=\"2d6068e\" data-element_type=\"column\" data-e-type=\"column\">\n\t\t\t<div class=\"elementor-widget-wrap elementor-element-populated\">\n\t\t\t\t\t\t<div class=\"elementor-element elementor-element-4b394efa elementor-widget elementor-widget-elementskit-heading\" data-id=\"4b394efa\" data-element_type=\"widget\" data-e-type=\"widget\" data-widget_type=\"elementskit-heading.default\">\n\t\t\t\t<div class=\"elementor-widget-container\">\n\t\t\t\t\t<div class=\"ekit-wid-con\" ><div class=\"ekit-heading elementskit-section-title-wraper text_left   ekit_heading_tablet-   ekit_heading_mobile-\"><h3 class=\"elementskit-section-subtitle  \">\n\t\t\t\t\t\tProdukter\n\t\t\t\t\t<\/h3><h2 class=\"ekit-heading--title elementskit-section-title \">Spr\u00f8jtest\u00f8bning<\/h2>\t\t\t\t<div class='ekit-heading__description'>\n\t\t\t\t\t<p>BNi Plast er din p\u00e5lidelige partner, der kan hj\u00e6lpe dig med test af spr\u00f8jtest\u00f8beforme, fejlfinding og optimering samt FAT af forme. Vi har omfattende erfaring inden for b\u00e5de tekniske og medicinske produkter, og vi udf\u00f8rer regelm\u00e6ssigt 0-serier for vores kunder.<\/p>\n\t\t\t\t<\/div>\n\t\t\t<\/div><\/div>\t\t\t\t<\/div>\n\t\t\t\t<\/div>\n\t\t\t\t\t<\/div>\n\t\t<\/div>\n\t\t\t\t\t<\/div>\n\t\t<\/section>\n\t\t\t\t<section class=\"elementor-section elementor-top-section elementor-element elementor-element-651415d elementor-section-boxed elementor-section-height-default elementor-section-height-default\" data-id=\"651415d\" data-element_type=\"section\" data-e-type=\"section\" data-settings=\"{&quot;background_background&quot;:&quot;classic&quot;}\">\n\t\t\t\t\t\t<div class=\"elementor-container elementor-column-gap-default\">\n\t\t\t\t\t<div class=\"elementor-column elementor-col-66 elementor-top-column elementor-element elementor-element-9843271\" data-id=\"9843271\" data-element_type=\"column\" data-e-type=\"column\">\n\t\t\t<div class=\"elementor-widget-wrap elementor-element-populated\">\n\t\t\t\t\t\t<div class=\"elementor-element elementor-element-9acbbe4 elementor-widget elementor-widget-elementskit-heading\" data-id=\"9acbbe4\" data-element_type=\"widget\" data-e-type=\"widget\" data-widget_type=\"elementskit-heading.default\">\n\t\t\t\t<div class=\"elementor-widget-container\">\n\t\t\t\t\t<div class=\"ekit-wid-con\" ><div class=\"ekit-heading elementskit-section-title-wraper text_left   ekit_heading_tablet-   ekit_heading_mobile-\"><h2 class=\"ekit-heading--title elementskit-section-title \">Vores m\u00e5l er at v\u00e6re din p\u00e5lidelige partner i alle dine spr\u00f8jtest\u00f8bningsbehov<\/h2>\t\t\t\t<div class='ekit-heading__description'>\n\t\t\t\t\t<p>Velkommen til BNi Plast! Vi er specialister inden for spr\u00f8jtest\u00f8bning og tilbyder en bred vifte af tjenester, der d\u00e6kker alt fra udvikling og design til produktion, montage og levering af spr\u00f8jtest\u00f8bte emner.<\/p>\n<p>\u00a0<\/p>\n<p>Vores dedikerede medarbejdere er specialister inden for produktudvikling og har stor erfaring inden for formdesign og pr\u00e6cisionsspr\u00f8jtest\u00f8bning. Vi er stolte af at kunne levere h\u00f8j kvalitet og n\u00f8jagtighed i alle vores projekter.<\/p>\n<p>\u00a0<\/p>\n<p>Uanset om du har brug for specialfremstillede dele til din virksomhed eller har behov for hj\u00e6lp til at udvikle et nyt produkt, er vi klar til at hj\u00e6lpe dig. Vi har ekspertise i at arbejde med forskellige materialer og kan skabe komplekse geometriske former med stor pr\u00e6cision.<\/p>\n<p>\u00a0<\/p>\n<p>Vi s\u00e6tter en \u00e6re i at opbygge langvarige kundeforhold og str\u00e6ber altid efter at levere den bedste service og kvalitet til vores kunder.\u00a0<\/p>\n<p>Kontakt os i dag for at h\u00f8re mere om, hvordan vi kan hj\u00e6lpe dig med dine spr\u00f8jtest\u00f8bningsprojekter. Vi ser frem til at samarbejde med dig og skabe succes sammen.<\/p>\n\t\t\t\t<\/div>\n\t\t\t<\/div><\/div>\t\t\t\t<\/div>\n\t\t\t\t<\/div>\n\t\t\t\t\t<\/div>\n\t\t<\/div>\n\t\t\t\t<div class=\"elementor-column elementor-col-33 elementor-top-column elementor-element elementor-element-a88960d\" data-id=\"a88960d\" data-element_type=\"column\" data-e-type=\"column\">\n\t\t\t<div class=\"elementor-widget-wrap elementor-element-populated\">\n\t\t\t\t\t\t<div class=\"elementor-element elementor-element-d0aaabb elementor-widget elementor-widget-image\" data-id=\"d0aaabb\" data-element_type=\"widget\" data-e-type=\"widget\" data-widget_type=\"image.default\">\n\t\t\t\t<div class=\"elementor-widget-container\">\n\t\t\t\t\t\t\t\t\t\t\t\t\t\t\t<img decoding=\"async\" width=\"1024\" height=\"685\" src=\"https:\/\/bniplast.dk\/wp-content\/uploads\/2024\/03\/Skaermbillede-2024-03-13-kl.-11.59.24-e1710327851188-1024x685.webp\" class=\"attachment-large size-large wp-image-271\" alt=\"\" srcset=\"https:\/\/bniplast.dk\/wp-content\/uploads\/2024\/03\/Skaermbillede-2024-03-13-kl.-11.59.24-e1710327851188-1024x685.webp 1024w, https:\/\/bniplast.dk\/wp-content\/uploads\/2024\/03\/Skaermbillede-2024-03-13-kl.-11.59.24-e1710327851188-300x201.webp 300w, https:\/\/bniplast.dk\/wp-content\/uploads\/2024\/03\/Skaermbillede-2024-03-13-kl.-11.59.24-e1710327851188-768x514.webp 768w, https:\/\/bniplast.dk\/wp-content\/uploads\/2024\/03\/Skaermbillede-2024-03-13-kl.-11.59.24-e1710327851188-1536x1028.webp 1536w, https:\/\/bniplast.dk\/wp-content\/uploads\/2024\/03\/Skaermbillede-2024-03-13-kl.-11.59.24-e1710327851188.webp 1920w\" sizes=\"(max-width: 1024px) 100vw, 1024px\" \/>\t\t\t\t\t\t\t\t\t\t\t\t\t\t\t<\/div>\n\t\t\t\t<\/div>\n\t\t\t\t<div class=\"elementor-element elementor-element-be335b9 elementor-widget elementor-widget-image\" data-id=\"be335b9\" data-element_type=\"widget\" data-e-type=\"widget\" data-widget_type=\"image.default\">\n\t\t\t\t<div class=\"elementor-widget-container\">\n\t\t\t\t\t\t\t\t\t\t\t\t\t\t\t<img decoding=\"async\" width=\"1024\" height=\"557\" src=\"https:\/\/bniplast.dk\/wp-content\/uploads\/2024\/03\/Skaermbillede-2024-03-13-kl.-11.59.13-1024x557.webp\" class=\"attachment-large size-large wp-image-272\" alt=\"\" srcset=\"https:\/\/bniplast.dk\/wp-content\/uploads\/2024\/03\/Skaermbillede-2024-03-13-kl.-11.59.13-1024x557.webp 1024w, https:\/\/bniplast.dk\/wp-content\/uploads\/2024\/03\/Skaermbillede-2024-03-13-kl.-11.59.13-300x163.webp 300w, https:\/\/bniplast.dk\/wp-content\/uploads\/2024\/03\/Skaermbillede-2024-03-13-kl.-11.59.13-768x417.webp 768w, https:\/\/bniplast.dk\/wp-content\/uploads\/2024\/03\/Skaermbillede-2024-03-13-kl.-11.59.13-1536x835.webp 1536w, https:\/\/bniplast.dk\/wp-content\/uploads\/2024\/03\/Skaermbillede-2024-03-13-kl.-11.59.13.webp 1920w\" sizes=\"(max-width: 1024px) 100vw, 1024px\" \/>\t\t\t\t\t\t\t\t\t\t\t\t\t\t\t<\/div>\n\t\t\t\t<\/div>\n\t\t\t\t<div class=\"elementor-element elementor-element-43a9e70 elementor-widget elementor-widget-image\" data-id=\"43a9e70\" data-element_type=\"widget\" data-e-type=\"widget\" data-widget_type=\"image.default\">\n\t\t\t\t<div class=\"elementor-widget-container\">\n\t\t\t\t\t\t\t\t\t\t\t\t\t\t\t<img loading=\"lazy\" decoding=\"async\" width=\"1024\" height=\"546\" src=\"https:\/\/bniplast.dk\/wp-content\/uploads\/2024\/03\/Skaermbillede-2024-03-13-kl.-09.53.55-1-1024x546.webp\" class=\"attachment-large size-large wp-image-274\" alt=\"\" srcset=\"https:\/\/bniplast.dk\/wp-content\/uploads\/2024\/03\/Skaermbillede-2024-03-13-kl.-09.53.55-1-1024x546.webp 1024w, https:\/\/bniplast.dk\/wp-content\/uploads\/2024\/03\/Skaermbillede-2024-03-13-kl.-09.53.55-1-300x160.webp 300w, https:\/\/bniplast.dk\/wp-content\/uploads\/2024\/03\/Skaermbillede-2024-03-13-kl.-09.53.55-1-768x410.webp 768w, https:\/\/bniplast.dk\/wp-content\/uploads\/2024\/03\/Skaermbillede-2024-03-13-kl.-09.53.55-1-1536x819.webp 1536w, https:\/\/bniplast.dk\/wp-content\/uploads\/2024\/03\/Skaermbillede-2024-03-13-kl.-09.53.55-1.webp 1920w\" sizes=\"(max-width: 1024px) 100vw, 1024px\" \/>\t\t\t\t\t\t\t\t\t\t\t\t\t\t\t<\/div>\n\t\t\t\t<\/div>\n\t\t\t\t\t<\/div>\n\t\t<\/div>\n\t\t\t\t\t<\/div>\n\t\t<\/section>\n\t\t\t\t<\/div>\n\t\t","protected":false},"excerpt":{"rendered":"<p>Produkter Spr\u00f8jtest\u00f8bning BNi Plast er din p\u00e5lidelige partner, der kan hj\u00e6lpe dig med test af spr\u00f8jtest\u00f8beforme, fejlfinding og optimering samt FAT af forme. Vi har omfattende erfaring inden for b\u00e5de tekniske og medicinske produkter, og vi udf\u00f8rer regelm\u00e6ssigt 0-serier for vores kunder. Vores m\u00e5l er at v\u00e6re din p\u00e5lidelige partner i alle dine spr\u00f8jtest\u00f8bningsbehov Velkommen [&hellip;]<\/p>\n","protected":false},"author":3,"featured_media":0,"parent":0,"menu_order":0,"comment_status":"closed","ping_status":"closed","template":"","meta":{"site-sidebar-layout":"no-sidebar","site-content-layout":"page-builder","ast-site-content-layout":"full-width-container","site-content-style":"default","site-sidebar-style":"default","ast-global-header-display":"","ast-banner-title-visibility":"","ast-main-header-display":"","ast-hfb-above-header-display":"","ast-hfb-below-header-display":"","ast-hfb-mobile-header-display":"","site-post-title":"disabled","ast-breadcrumbs-content":"","ast-featured-img":"disabled","footer-sml-layout":"","ast-disable-related-posts":"","theme-transparent-header-meta":"","adv-header-id-meta":"","stick-header-meta":"","header-above-stick-meta":"","header-main-stick-meta":"","header-below-stick-meta":"","astra-migrate-meta-layouts":"set","ast-page-background-enabled":"default","ast-page-background-meta":{"desktop":{"background-color":"var(--ast-global-color-4)","background-image":"","background-repeat":"repeat","background-position":"center center","background-size":"auto","background-attachment":"scroll","background-type":"","background-media":"","overlay-type":"","overlay-color":"","overlay-opacity":"","overlay-gradient":""},"tablet":{"background-color":"","background-image":"","background-repeat":"repeat","background-position":"center center","background-size":"auto","background-attachment":"scroll","background-type":"","background-media":"","overlay-type":"","overlay-color":"","overlay-opacity":"","overlay-gradient":""},"mobile":{"background-color":"","background-image":"","background-repeat":"repeat","background-position":"center center","background-size":"auto","background-attachment":"scroll","background-type":"","background-media":"","overlay-type":"","overlay-color":"","overlay-opacity":"","overlay-gradient":""}},"ast-content-background-meta":{"desktop":{"background-color":"var(--ast-global-color-5)","background-image":"","background-repeat":"repeat","background-position":"center center","background-size":"auto","background-attachment":"scroll","background-type":"","background-media":"","overlay-type":"","overlay-color":"","overlay-opacity":"","overlay-gradient":""},"tablet":{"background-color":"var(--ast-global-color-5)","background-image":"","background-repeat":"repeat","background-position":"center center","background-size":"auto","background-attachment":"scroll","background-type":"","background-media":"","overlay-type":"","overlay-color":"","overlay-opacity":"","overlay-gradient":""},"mobile":{"background-color":"var(--ast-global-color-5)","background-image":"","background-repeat":"repeat","background-position":"center center","background-size":"auto","background-attachment":"scroll","background-type":"","background-media":"","overlay-type":"","overlay-color":"","overlay-opacity":"","overlay-gradient":""}},"footnotes":""},"class_list":["post-430","page","type-page","status-publish","hentry"],"yoast_head":"<!-- This site is optimized with the Yoast SEO plugin v27.5 - https:\/\/yoast.com\/product\/yoast-seo-wordpress\/ -->\n<title>Spr\u00f8jtest\u00f8bning - BNI PLAST APS<\/title>\n<meta name=\"robots\" content=\"index, follow, max-snippet:-1, max-image-preview:large, max-video-preview:-1\" \/>\n<link rel=\"canonical\" href=\"https:\/\/bniplast.dk\/index.php\/sproejtestoebning\/\" \/>\n<meta property=\"og:locale\" content=\"da_DK\" \/>\n<meta property=\"og:type\" content=\"article\" \/>\n<meta property=\"og:title\" content=\"Spr\u00f8jtest\u00f8bning - BNI PLAST APS\" \/>\n<meta property=\"og:description\" content=\"Produkter Spr\u00f8jtest\u00f8bning BNi Plast er din p\u00e5lidelige partner, der kan hj\u00e6lpe dig med test af spr\u00f8jtest\u00f8beforme, fejlfinding og optimering samt FAT af forme. Vi har omfattende erfaring inden for b\u00e5de tekniske og medicinske produkter, og vi udf\u00f8rer regelm\u00e6ssigt 0-serier for vores kunder. Vores m\u00e5l er at v\u00e6re din p\u00e5lidelige partner i alle dine spr\u00f8jtest\u00f8bningsbehov Velkommen [&hellip;]\" \/>\n<meta property=\"og:url\" content=\"https:\/\/bniplast.dk\/index.php\/sproejtestoebning\/\" \/>\n<meta property=\"og:site_name\" content=\"BNI PLAST APS\" \/>\n<meta property=\"article:modified_time\" content=\"2025-10-22T19:20:46+00:00\" \/>\n<meta property=\"og:image\" content=\"https:\/\/bniplast.dk\/wp-content\/uploads\/2024\/03\/DSC06867_Redigeret2-scaled.webp\" \/>\n\t<meta property=\"og:image:width\" content=\"1920\" \/>\n\t<meta property=\"og:image:height\" content=\"1280\" \/>\n\t<meta property=\"og:image:type\" content=\"image\/webp\" \/>\n<meta name=\"twitter:card\" content=\"summary_large_image\" \/>\n<meta name=\"twitter:label1\" content=\"Estimeret l\u00e6setid\" \/>\n\t<meta name=\"twitter:data1\" content=\"3 minutter\" \/>\n<script type=\"application\/ld+json\" class=\"yoast-schema-graph\">{\"@context\":\"https:\\\/\\\/schema.org\",\"@graph\":[{\"@type\":\"WebPage\",\"@id\":\"https:\\\/\\\/bniplast.dk\\\/index.php\\\/sproejtestoebning\\\/\",\"url\":\"https:\\\/\\\/bniplast.dk\\\/index.php\\\/sproejtestoebning\\\/\",\"name\":\"Spr\u00f8jtest\u00f8bning - BNI PLAST APS\",\"isPartOf\":{\"@id\":\"https:\\\/\\\/bniplast.dk\\\/#website\"},\"primaryImageOfPage\":{\"@id\":\"https:\\\/\\\/bniplast.dk\\\/index.php\\\/sproejtestoebning\\\/#primaryimage\"},\"image\":{\"@id\":\"https:\\\/\\\/bniplast.dk\\\/index.php\\\/sproejtestoebning\\\/#primaryimage\"},\"thumbnailUrl\":\"https:\\\/\\\/bniplast.dk\\\/wp-content\\\/uploads\\\/2024\\\/03\\\/DSC06867_Redigeret2-1024x683.webp\",\"datePublished\":\"2024-03-20T14:21:33+00:00\",\"dateModified\":\"2025-10-22T19:20:46+00:00\",\"breadcrumb\":{\"@id\":\"https:\\\/\\\/bniplast.dk\\\/index.php\\\/sproejtestoebning\\\/#breadcrumb\"},\"inLanguage\":\"da-DK\",\"potentialAction\":[{\"@type\":\"ReadAction\",\"target\":[\"https:\\\/\\\/bniplast.dk\\\/index.php\\\/sproejtestoebning\\\/\"]}]},{\"@type\":\"ImageObject\",\"inLanguage\":\"da-DK\",\"@id\":\"https:\\\/\\\/bniplast.dk\\\/index.php\\\/sproejtestoebning\\\/#primaryimage\",\"url\":\"https:\\\/\\\/bniplast.dk\\\/wp-content\\\/uploads\\\/2024\\\/03\\\/DSC06867_Redigeret2-scaled.webp\",\"contentUrl\":\"https:\\\/\\\/bniplast.dk\\\/wp-content\\\/uploads\\\/2024\\\/03\\\/DSC06867_Redigeret2-scaled.webp\",\"width\":1920,\"height\":1280},{\"@type\":\"BreadcrumbList\",\"@id\":\"https:\\\/\\\/bniplast.dk\\\/index.php\\\/sproejtestoebning\\\/#breadcrumb\",\"itemListElement\":[{\"@type\":\"ListItem\",\"position\":1,\"name\":\"Hjem\",\"item\":\"https:\\\/\\\/bniplast.dk\\\/\"},{\"@type\":\"ListItem\",\"position\":2,\"name\":\"Spr\u00f8jtest\u00f8bning\"}]},{\"@type\":\"WebSite\",\"@id\":\"https:\\\/\\\/bniplast.dk\\\/#website\",\"url\":\"https:\\\/\\\/bniplast.dk\\\/\",\"name\":\"BNI PLAST APS\",\"description\":\"We specialise in the development, production, assembly and delivery of quality technical and medical plastic items.\",\"publisher\":{\"@id\":\"https:\\\/\\\/bniplast.dk\\\/#organization\"},\"potentialAction\":[{\"@type\":\"SearchAction\",\"target\":{\"@type\":\"EntryPoint\",\"urlTemplate\":\"https:\\\/\\\/bniplast.dk\\\/?s={search_term_string}\"},\"query-input\":{\"@type\":\"PropertyValueSpecification\",\"valueRequired\":true,\"valueName\":\"search_term_string\"}}],\"inLanguage\":\"da-DK\"},{\"@type\":\"Organization\",\"@id\":\"https:\\\/\\\/bniplast.dk\\\/#organization\",\"name\":\"BNI PLAST APS\",\"url\":\"https:\\\/\\\/bniplast.dk\\\/\",\"logo\":{\"@type\":\"ImageObject\",\"inLanguage\":\"da-DK\",\"@id\":\"https:\\\/\\\/bniplast.dk\\\/#\\\/schema\\\/logo\\\/image\\\/\",\"url\":\"https:\\\/\\\/bniplast.dk\\\/wp-content\\\/uploads\\\/2023\\\/07\\\/brian-logo-pgn-e1710329540926.webp\",\"contentUrl\":\"https:\\\/\\\/bniplast.dk\\\/wp-content\\\/uploads\\\/2023\\\/07\\\/brian-logo-pgn-e1710329540926.webp\",\"width\":1084,\"height\":504,\"caption\":\"BNI PLAST APS\"},\"image\":{\"@id\":\"https:\\\/\\\/bniplast.dk\\\/#\\\/schema\\\/logo\\\/image\\\/\"}}]}<\/script>\n<!-- \/ Yoast SEO plugin. -->","yoast_head_json":{"title":"Spr\u00f8jtest\u00f8bning - BNI PLAST APS","robots":{"index":"index","follow":"follow","max-snippet":"max-snippet:-1","max-image-preview":"max-image-preview:large","max-video-preview":"max-video-preview:-1"},"canonical":"https:\/\/bniplast.dk\/index.php\/sproejtestoebning\/","og_locale":"da_DK","og_type":"article","og_title":"Spr\u00f8jtest\u00f8bning - BNI PLAST APS","og_description":"Produkter Spr\u00f8jtest\u00f8bning BNi Plast er din p\u00e5lidelige partner, der kan hj\u00e6lpe dig med test af spr\u00f8jtest\u00f8beforme, fejlfinding og optimering samt FAT af forme. Vi har omfattende erfaring inden for b\u00e5de tekniske og medicinske produkter, og vi udf\u00f8rer regelm\u00e6ssigt 0-serier for vores kunder. Vores m\u00e5l er at v\u00e6re din p\u00e5lidelige partner i alle dine spr\u00f8jtest\u00f8bningsbehov Velkommen [&hellip;]","og_url":"https:\/\/bniplast.dk\/index.php\/sproejtestoebning\/","og_site_name":"BNI PLAST APS","article_modified_time":"2025-10-22T19:20:46+00:00","og_image":[{"width":1920,"height":1280,"url":"https:\/\/bniplast.dk\/wp-content\/uploads\/2024\/03\/DSC06867_Redigeret2-scaled.webp","type":"image\/webp"}],"twitter_card":"summary_large_image","twitter_misc":{"Estimeret l\u00e6setid":"3 minutter"},"schema":{"@context":"https:\/\/schema.org","@graph":[{"@type":"WebPage","@id":"https:\/\/bniplast.dk\/index.php\/sproejtestoebning\/","url":"https:\/\/bniplast.dk\/index.php\/sproejtestoebning\/","name":"Spr\u00f8jtest\u00f8bning - BNI PLAST APS","isPartOf":{"@id":"https:\/\/bniplast.dk\/#website"},"primaryImageOfPage":{"@id":"https:\/\/bniplast.dk\/index.php\/sproejtestoebning\/#primaryimage"},"image":{"@id":"https:\/\/bniplast.dk\/index.php\/sproejtestoebning\/#primaryimage"},"thumbnailUrl":"https:\/\/bniplast.dk\/wp-content\/uploads\/2024\/03\/DSC06867_Redigeret2-1024x683.webp","datePublished":"2024-03-20T14:21:33+00:00","dateModified":"2025-10-22T19:20:46+00:00","breadcrumb":{"@id":"https:\/\/bniplast.dk\/index.php\/sproejtestoebning\/#breadcrumb"},"inLanguage":"da-DK","potentialAction":[{"@type":"ReadAction","target":["https:\/\/bniplast.dk\/index.php\/sproejtestoebning\/"]}]},{"@type":"ImageObject","inLanguage":"da-DK","@id":"https:\/\/bniplast.dk\/index.php\/sproejtestoebning\/#primaryimage","url":"https:\/\/bniplast.dk\/wp-content\/uploads\/2024\/03\/DSC06867_Redigeret2-scaled.webp","contentUrl":"https:\/\/bniplast.dk\/wp-content\/uploads\/2024\/03\/DSC06867_Redigeret2-scaled.webp","width":1920,"height":1280},{"@type":"BreadcrumbList","@id":"https:\/\/bniplast.dk\/index.php\/sproejtestoebning\/#breadcrumb","itemListElement":[{"@type":"ListItem","position":1,"name":"Hjem","item":"https:\/\/bniplast.dk\/"},{"@type":"ListItem","position":2,"name":"Spr\u00f8jtest\u00f8bning"}]},{"@type":"WebSite","@id":"https:\/\/bniplast.dk\/#website","url":"https:\/\/bniplast.dk\/","name":"BNI PLAST APS","description":"We specialise in the development, production, assembly and delivery of quality technical and medical plastic items.","publisher":{"@id":"https:\/\/bniplast.dk\/#organization"},"potentialAction":[{"@type":"SearchAction","target":{"@type":"EntryPoint","urlTemplate":"https:\/\/bniplast.dk\/?s={search_term_string}"},"query-input":{"@type":"PropertyValueSpecification","valueRequired":true,"valueName":"search_term_string"}}],"inLanguage":"da-DK"},{"@type":"Organization","@id":"https:\/\/bniplast.dk\/#organization","name":"BNI PLAST APS","url":"https:\/\/bniplast.dk\/","logo":{"@type":"ImageObject","inLanguage":"da-DK","@id":"https:\/\/bniplast.dk\/#\/schema\/logo\/image\/","url":"https:\/\/bniplast.dk\/wp-content\/uploads\/2023\/07\/brian-logo-pgn-e1710329540926.webp","contentUrl":"https:\/\/bniplast.dk\/wp-content\/uploads\/2023\/07\/brian-logo-pgn-e1710329540926.webp","width":1084,"height":504,"caption":"BNI PLAST APS"},"image":{"@id":"https:\/\/bniplast.dk\/#\/schema\/logo\/image\/"}}]}},"_links":{"self":[{"href":"https:\/\/bniplast.dk\/index.php\/wp-json\/wp\/v2\/pages\/430","targetHints":{"allow":["GET"]}}],"collection":[{"href":"https:\/\/bniplast.dk\/index.php\/wp-json\/wp\/v2\/pages"}],"about":[{"href":"https:\/\/bniplast.dk\/index.php\/wp-json\/wp\/v2\/types\/page"}],"author":[{"embeddable":true,"href":"https:\/\/bniplast.dk\/index.php\/wp-json\/wp\/v2\/users\/3"}],"replies":[{"embeddable":true,"href":"https:\/\/bniplast.dk\/index.php\/wp-json\/wp\/v2\/comments?post=430"}],"version-history":[{"count":25,"href":"https:\/\/bniplast.dk\/index.php\/wp-json\/wp\/v2\/pages\/430\/revisions"}],"predecessor-version":[{"id":1030,"href":"https:\/\/bniplast.dk\/index.php\/wp-json\/wp\/v2\/pages\/430\/revisions\/1030"}],"wp:attachment":[{"href":"https:\/\/bniplast.dk\/index.php\/wp-json\/wp\/v2\/media?parent=430"}],"curies":[{"name":"wp","href":"https:\/\/api.w.org\/{rel}","templated":true}]}}